{"id":3,"date":"2025-01-30T19:49:18","date_gmt":"2025-01-30T19:49:18","guid":{"rendered":"https:\/\/larodaja.com\/wordpress\/?page_id=3"},"modified":"2025-02-03T00:06:23","modified_gmt":"2025-02-03T00:06:23","slug":"privacy-policy","status":"publish","type":"page","link":"https:\/\/larodaja.com\/lamanga\/privacy-policy\/","title":{"rendered":"Pol\u00edtica de Privacidad"},"content":{"rendered":"\n<p>La Rodaja es un establecimiento de comidas y bebidas situado en La Manga del Mar Menor, Murcia, cuyo titular es D. Adri\u00e1n Castro, con NIF 50903186T (en adelante La Rodaja). Nuestra web es: https:\/\/www.larodaja.com\/lamanga.<\/p>\n\n\n\n<p>En cumplimiento de lo dispuesto por el ordenamiento espa\u00f1ol y en concreto por la Ley Org\u00e1nica 15\/1999 de 13 de diciembre de Protecci\u00f3n de Datos de Car\u00e1cter Personal y por el Real Decreto 1720\/2007 de 21 de diciembre por el que se aprueba el Reglamento que desarrolla la mencionada Ley Org\u00e1nica, se informa a los usuarios de la existencia de un fichero automatizado conteniendo datos de car\u00e1cter personal aportados voluntariamente por los propios usuarios, creado y alojado en los servidores de LISTAE, cuyo responsable es BTHEMATTIC BUSINESS LISTING SL sociedad inscrita en el Registro Mercantil de Madrid, con CIF B86295680 y con domicilio social en la calle Arcos de la Frontera 17 de Madrid (en adelante LISTAE) . Su pol\u00edtica de privacidad se puede consultar en <a href=\"https:\/\/listae.com\/politica-de-proteccion-de-datos\/\">https:\/\/listae.com\/politica-de-proteccion-de-datos\/<\/a> .    <\/p>\n\n\n\n<p>La Rodaja utiliza el software y el acceso a esos datos con la exclusiva finalidad de gestionar adecuadamente las solicitudes de informaci\u00f3n o reservas en nuestro Restaurante. Si el usuario lo autoriza expresamente en el momento de incluir sus datos a trav\u00e9s de los sistemas habilitados en LISTAE \u00e9stos podr\u00e1n ser utilizados para remitirle informaci\u00f3n comercial o de \u00edndole distinta relacionada con las actividades de nuestro establecimiento. Este consentimiento expreso podr\u00e1 ser revocado por el usuario en cualquier momento a trav\u00e9s de los medios expresados en este documento. Los datos contenidos en el fichero mencionado no ser\u00e1n cedidos a terceros para prop\u00f3sitos distintos de los aqu\u00ed enumerados. La Rodaja no almacena datos de sus usuarios en fichero alguno distinto de estos. <\/p>\n\n\n\n<p>Los usuarios podr\u00e1n ejercer su derecho de acceder, rectificar, oponerse y cancelar los datos personales que obren en poder de LISTAE, mediante comunicaci\u00f3n escrita dirigida a su Sede Social o mediante cualquier otra v\u00eda, telem\u00e1tica o no, que habilite LISTAE. Tambi\u00e9n podr\u00e1n ejercerlos mediante comunicaci\u00f3n directa con La Rodaja siempre que su inclusi\u00f3n o uso en el fichero tengan relaci\u00f3n directa con alguna solicitud de informaci\u00f3n o reserva en nuestro establecimiento gestionada a trav\u00e9s de los formularios de LISTAE integrados en nuestro website.<\/p>\n\n\n\n<p>El acceso a nuestra web y a los formularios de solicitud de LISTAE puede suponer la instalaci\u00f3n en el dispositivo del usuario de cookies, snippets y ficheros similares destinados, exclusivamente, a facilitar y mejorar la experiencia de navegaci\u00f3n, no siendo su prop\u00f3sito la recopilaci\u00f3n y\/o almacenamiento de datos de car\u00e1cter personal, sin que en ning\u00fan caso sea posible asociar tales cookies a los datos personales concretos de los usuarios ni identificar a \u00e9stos a trav\u00e9s de aqu\u00e9llas. La inclusi\u00f3n de estos ficheros, sus efectos y permanencia en el dispositivo desde la que el usuario accede al Sitio Web depender\u00e1 de la configuraci\u00f3n particular del dispositivo concreto del usuario, quien decide recibir o no este tipo de ficheros en su m\u00e1quina, as\u00ed como conoce que la no aceptaci\u00f3n o deshabilitaci\u00f3n de estos ficheros puede menoscabar el correcto funcionamiento del website en general y de alguno de los servicios ofrecidos en particular.<\/p>\n\n\n\n<p>Como es habitual en este tipo de establecimientos, los usuarios pueden publicar en distintos medios comentarios, im\u00e1genes y valoraciones sobre la calidad de los productos, servicios y atenci\u00f3n recibidos. La Rodaja se reserva el derecho a reproducir o no dichas publicaciones en su website, o en sus perfiles de las redes sociales de moda sin que esto modifique la autor\u00eda de las mismas que sigue siendo responsabilidad de quien la emiti\u00f3. Los datos personales contenidos en esas publicaciones deber\u00e1n evitarse, incluidos los metadatos que puedan aportar informaci\u00f3n sobre la ubicaci\u00f3n de su autor. Es responsabilidad del usuario solicitar la supresi\u00f3n o limitaci\u00f3n de los datos personales contenidos en dichas publicaciones, o de las publicaciones en su totalidad que hayan sido divulgadas o reproducidas en cualquier medio propiedad de La Rodaja.<\/p>\n","protected":false},"excerpt":{"rendered":"<p>La Rodaja es un establecimiento de comidas y bebidas situado en La Manga del Mar Menor, Murcia, cuyo titular es D. Adri\u00e1n Castro, con NIF 50903186T (en adelante La Rodaja). Nuestra web es: https:\/\/www.larodaja.com\/lamanga. En cumplimiento de lo dispuesto por el ordenamiento espa\u00f1ol y en concreto por la Ley Org\u00e1nica 15\/1999 de 13 de diciembre [&hellip;]<\/p>\n","protected":false},"author":1,"featured_media":0,"parent":0,"menu_order":0,"comment_status":"closed","ping_status":"open","template":"","meta":{"footnotes":""},"class_list":["post-3","page","type-page","status-publish","hentry"],"_links":{"self":[{"href":"https:\/\/larodaja.com\/lamanga\/wp-json\/wp\/v2\/pages\/3","targetHints":{"allow":["GET"]}}],"collection":[{"href":"https:\/\/larodaja.com\/lamanga\/wp-json\/wp\/v2\/pages"}],"about":[{"href":"https:\/\/larodaja.com\/lamanga\/wp-json\/wp\/v2\/types\/page"}],"author":[{"embeddable":true,"href":"https:\/\/larodaja.com\/lamanga\/wp-json\/wp\/v2\/users\/1"}],"replies":[{"embeddable":true,"href":"https:\/\/larodaja.com\/lamanga\/wp-json\/wp\/v2\/comments?post=3"}],"version-history":[{"count":1,"href":"https:\/\/larodaja.com\/lamanga\/wp-json\/wp\/v2\/pages\/3\/revisions"}],"predecessor-version":[{"id":117,"href":"https:\/\/larodaja.com\/lamanga\/wp-json\/wp\/v2\/pages\/3\/revisions\/117"}],"wp:attachment":[{"href":"https:\/\/larodaja.com\/lamanga\/wp-json\/wp\/v2\/media?parent=3"}],"curies":[{"name":"wp","href":"https:\/\/api.w.org\/{rel}","templated":true}]}}